{"id":447,"date":"2025-07-16T22:23:59","date_gmt":"2025-07-16T22:23:59","guid":{"rendered":"https:\/\/creartepublicidad.com.mx\/?page_id=447"},"modified":"2025-07-25T06:00:59","modified_gmt":"2025-07-25T06:00:59","slug":"sublimacion","status":"publish","type":"page","link":"https:\/\/creartepublicidad.com.mx\/index.php\/sublimacion\/","title":{"rendered":"Sublimaci\u00f3n"},"content":{"rendered":"\t\t<div data-elementor-type=\"wp-page\" data-elementor-id=\"447\" class=\"elementor elementor-447\" data-elementor-post-type=\"page\">\n\t\t\t\t<div class=\"elementor-element elementor-element-5b0b9cc e-flex e-con-boxed e-con e-parent\" data-id=\"5b0b9cc\" data-element_type=\"container\" data-settings=\"{&quot;background_background&quot;:&quot;classic&quot;}\">\n\t\t\t\t\t<div class=\"e-con-inner\">\n\t\t\t\t<div class=\"elementor-element elementor-element-114d07b elementor-widget elementor-widget-heading\" data-id=\"114d07b\" data-element_type=\"widget\" data-widget_type=\"heading.default\">\n\t\t\t\t<div class=\"elementor-widget-container\">\n\t\t\t\t\t<h2 class=\"elementor-heading-title elementor-size-default\">Sublimaci\u00f3n<\/h2>\t\t\t\t<\/div>\n\t\t\t\t<\/div>\n\t\t\t\t\t<\/div>\n\t\t\t\t<\/div>\n\t\t<div class=\"elementor-element elementor-element-9926703 e-flex e-con-boxed e-con e-parent\" data-id=\"9926703\" data-element_type=\"container\" data-settings=\"{&quot;background_background&quot;:&quot;classic&quot;}\">\n\t\t\t\t\t<div class=\"e-con-inner\">\n\t\t\t\t<div class=\"elementor-element elementor-element-f2a55ac elementor-widget elementor-widget-text-editor\" data-id=\"f2a55ac\" data-element_type=\"widget\" data-widget_type=\"text-editor.default\">\n\t\t\t\t<div class=\"elementor-widget-container\">\n\t\t\t\t\t\t\t\t\t<p>Esta t\u00e9cnica que ayudar\u00e1 a personalizar una gran cantidad de materiales, impresiones muy claras y con colores vivos dando una imagen m\u00e1s profesional a tu negocio, contamos con una amplia gama de materiales como plumas, tazas, gorras, playera, vasos, porta retratos, placas de metal, almohadas, cobijas, etc.<\/p>\t\t\t\t\t\t\t\t<\/div>\n\t\t\t\t<\/div>\n\t\t\t\t\t<\/div>\n\t\t\t\t<\/div>\n\t\t<div class=\"elementor-element elementor-element-679954e e-flex e-con-boxed e-con e-parent\" data-id=\"679954e\" data-element_type=\"container\" data-settings=\"{&quot;background_background&quot;:&quot;classic&quot;}\">\n\t\t\t\t\t<div class=\"e-con-inner\">\n\t\t<div class=\"elementor-element elementor-element-2642355 e-con-full e-flex e-con e-child\" data-id=\"2642355\" data-element_type=\"container\">\n\t\t\t\t<div class=\"elementor-element elementor-element-5028e47 elementor-widget elementor-widget-image\" data-id=\"5028e47\" data-element_type=\"widget\" data-widget_type=\"image.default\">\n\t\t\t\t<div class=\"elementor-widget-container\">\n\t\t\t\t\t\t\t\t\t\t\t\t\t\t\t<img fetchpriority=\"high\" decoding=\"async\" width=\"900\" height=\"900\" src=\"https:\/\/creartepublicidad.com.mx\/wp-content\/uploads\/2025\/07\/dsa-2.png\" class=\"attachment-large size-large wp-image-1036\" alt=\"\" srcset=\"https:\/\/creartepublicidad.com.mx\/wp-content\/uploads\/2025\/07\/dsa-2.png 900w, https:\/\/creartepublicidad.com.mx\/wp-content\/uploads\/2025\/07\/dsa-2-300x300.png 300w, https:\/\/creartepublicidad.com.mx\/wp-content\/uploads\/2025\/07\/dsa-2-150x150.png 150w, https:\/\/creartepublicidad.com.mx\/wp-content\/uploads\/2025\/07\/dsa-2-768x768.png 768w\" sizes=\"(max-width: 900px) 100vw, 900px\" \/>\t\t\t\t\t\t\t\t\t\t\t\t\t\t\t<\/div>\n\t\t\t\t<\/div>\n\t\t\t\t<\/div>\n\t\t<div class=\"elementor-element elementor-element-490e757 e-con-full e-flex e-con e-child\" data-id=\"490e757\" data-element_type=\"container\">\n\t\t\t\t<div class=\"elementor-element elementor-element-2f95489 elementor-widget elementor-widget-image\" data-id=\"2f95489\" data-element_type=\"widget\" data-widget_type=\"image.default\">\n\t\t\t\t<div class=\"elementor-widget-container\">\n\t\t\t\t\t\t\t\t\t\t\t\t\t\t\t<img decoding=\"async\" width=\"1011\" height=\"832\" src=\"https:\/\/creartepublicidad.com.mx\/wp-content\/uploads\/2025\/07\/SL3.SUBLIMACION.png\" class=\"attachment-large size-large wp-image-1037\" alt=\"\" srcset=\"https:\/\/creartepublicidad.com.mx\/wp-content\/uploads\/2025\/07\/SL3.SUBLIMACION.png 1011w, https:\/\/creartepublicidad.com.mx\/wp-content\/uploads\/2025\/07\/SL3.SUBLIMACION-300x247.png 300w, https:\/\/creartepublicidad.com.mx\/wp-content\/uploads\/2025\/07\/SL3.SUBLIMACION-768x632.png 768w\" sizes=\"(max-width: 1011px) 100vw, 1011px\" \/>\t\t\t\t\t\t\t\t\t\t\t\t\t\t\t<\/div>\n\t\t\t\t<\/div>\n\t\t\t\t<\/div>\n\t\t\t\t\t<\/div>\n\t\t\t\t<\/div>\n\t\t\t\t<\/div>\n\t\t","protected":false},"excerpt":{"rendered":"<p>Sublimaci\u00f3n Esta t\u00e9cnica que ayudar\u00e1 a personalizar una gran cantidad de materiales, impresiones muy claras y con colores vivos dando [&hellip;]<\/p>\n","protected":false},"author":1,"featured_media":0,"parent":0,"menu_order":0,"comment_status":"closed","ping_status":"closed","template":"","meta":{"site-sidebar-layout":"no-sidebar","site-content-layout":"","ast-site-content-layout":"full-width-container","site-content-style":"default","site-sidebar-style":"default","ast-global-header-display":"","ast-banner-title-visibility":"","ast-main-header-display":"","ast-hfb-above-header-display":"","ast-hfb-below-header-display":"","ast-hfb-mobile-header-display":"","site-post-title":"disabled","ast-breadcrumbs-content":"","ast-featured-img":"disabled","footer-sml-layout":"","theme-transparent-header-meta":"","adv-header-id-meta":"","stick-header-meta":"","header-above-stick-meta":"","header-main-stick-meta":"","header-below-stick-meta":"","astra-migrate-meta-layouts":"default","ast-page-background-enabled":"default","ast-page-background-meta":{"desktop":{"background-color":"var(--ast-global-color-5)","background-image":"","background-repeat":"repeat","background-position":"center center","background-size":"auto","background-attachment":"scroll","background-type":"","background-media":"","overlay-type":"","overlay-color":"","overlay-opacity":"","overlay-gradient":""},"tablet":{"background-color":"","background-image":"","background-repeat":"repeat","background-position":"center center","background-size":"auto","background-attachment":"scroll","background-type":"","background-media":"","overlay-type":"","overlay-color":"","overlay-opacity":"","overlay-gradient":""},"mobile":{"background-color":"","background-image":"","background-repeat":"repeat","background-position":"center center","background-size":"auto","background-attachment":"scroll","background-type":"","background-media":"","overlay-type":"","overlay-color":"","overlay-opacity":"","overlay-gradient":""}},"ast-content-background-meta":{"desktop":{"background-color":"var(--ast-global-color-4)","background-image":"","background-repeat":"repeat","background-position":"center center","background-size":"auto","background-attachment":"scroll","background-type":"","background-media":"","overlay-type":"","overlay-color":"","overlay-opacity":"","overlay-gradient":""},"tablet":{"background-color":"var(--ast-global-color-4)","background-image":"","background-repeat":"repeat","background-position":"center center","background-size":"auto","background-attachment":"scroll","background-type":"","background-media":"","overlay-type":"","overlay-color":"","overlay-opacity":"","overlay-gradient":""},"mobile":{"background-color":"var(--ast-global-color-4)","background-image":"","background-repeat":"repeat","background-position":"center center","background-size":"auto","background-attachment":"scroll","background-type":"","background-media":"","overlay-type":"","overlay-color":"","overlay-opacity":"","overlay-gradient":""}},"footnotes":""},"class_list":["post-447","page","type-page","status-publish","hentry"],"_links":{"self":[{"href":"https:\/\/creartepublicidad.com.mx\/index.php\/wp-json\/wp\/v2\/pages\/447","targetHints":{"allow":["GET"]}}],"collection":[{"href":"https:\/\/creartepublicidad.com.mx\/index.php\/wp-json\/wp\/v2\/pages"}],"about":[{"href":"https:\/\/creartepublicidad.com.mx\/index.php\/wp-json\/wp\/v2\/types\/page"}],"author":[{"embeddable":true,"href":"https:\/\/creartepublicidad.com.mx\/index.php\/wp-json\/wp\/v2\/users\/1"}],"replies":[{"embeddable":true,"href":"https:\/\/creartepublicidad.com.mx\/index.php\/wp-json\/wp\/v2\/comments?post=447"}],"version-history":[{"count":10,"href":"https:\/\/creartepublicidad.com.mx\/index.php\/wp-json\/wp\/v2\/pages\/447\/revisions"}],"predecessor-version":[{"id":1043,"href":"https:\/\/creartepublicidad.com.mx\/index.php\/wp-json\/wp\/v2\/pages\/447\/revisions\/1043"}],"wp:attachment":[{"href":"https:\/\/creartepublicidad.com.mx\/index.php\/wp-json\/wp\/v2\/media?parent=447"}],"curies":[{"name":"wp","href":"https:\/\/api.w.org\/{rel}","templated":true}]}}